{"id":77,"date":"2025-07-08T02:29:09","date_gmt":"2025-07-08T02:29:09","guid":{"rendered":"https:\/\/rizoma.focofixo.com.br\/rizoma\/?page_id=77"},"modified":"2025-07-20T02:06:55","modified_gmt":"2025-07-20T02:06:55","slug":"ecossistema","status":"publish","type":"page","link":"https:\/\/rizoma.focofixo.com.br\/rizoma\/ecossistema\/","title":{"rendered":"Ecossistema de Objetos"},"content":{"rendered":"\n<p>Nosso acervo n\u00e3o \u00e9 uma cole\u00e7\u00e3o de posses, mas um ecossistema de rela\u00e7\u00f5es.<\/p>\n\n\n\n<p><\/p>\n\n\n\n<p>N\u00e3o nos interessa o valor de mercado de um objeto, sua raridade ou sua pureza. O que buscamos s\u00e3o&nbsp;<strong>&#8220;n\u00f3s de potencial conectivo&#8221;<\/strong>: artefatos, ideias e fragmentos que funcionam como portais. Um item entra em nosso ecossistema se ele ressoa em m\u00faltiplas dire\u00e7\u00f5es, conectando a ci\u00eancia \u00e0 supersti\u00e7\u00e3o, a arte \u00e0 engenharia, o sublime ao trivial.<\/p>\n\n\n\n<p>A pergunta que nos guia n\u00e3o \u00e9 &#8220;O que \u00e9 isto?&#8221;, mas &#8220;Para onde isto pode nos levar?&#8221;.<\/p>\n\n\n\n<p><\/p>\n\n\n\n<p><strong>O Acervo Distribu\u00eddo: A Cidade como Reserva T\u00e9cnica<\/strong><br>O Rizoma entende que o patrim\u00f4nio mais rico n\u00e3o est\u00e1 trancado em nossas paredes. Ele est\u00e1 nas ruas, nas casas, nas oficinas, na mem\u00f3ria das pessoas. Atrav\u00e9s do nosso programa de&nbsp;<strong>Acervo Distribu\u00eddo<\/strong>, mapeamos e conectamos objetos e hist\u00f3rias da cidade \u00e0 nossa rede digital.<\/p>\n\n\n\n<p><\/p>\n\n\n\n<p>[Em Constru\u00e7\u00e3o: Aqui entrar uma galeria interativa ou um mapa mostrando os &#8220;n\u00f3s&#8221; do acervo, com um sistema de busca por tags conceituais em vez de categorias tradicionais.]<\/p>\n","protected":false},"excerpt":{"rendered":"<p>Nosso acervo n\u00e3o \u00e9 uma cole\u00e7\u00e3o de posses, mas um ecossistema de rela\u00e7\u00f5es. N\u00e3o nos interessa o valor de mercado de um objeto, sua raridade ou sua pureza. O que buscamos s\u00e3o&nbsp;&#8220;n\u00f3s de potencial conectivo&#8221;: artefatos, ideias e fragmentos que funcionam como portais. Um item entra em nosso ecossistema se ele ressoa em m\u00faltiplas dire\u00e7\u00f5es, [&hellip;]<\/p>\n","protected":false},"author":2,"featured_media":377,"parent":0,"menu_order":0,"comment_status":"closed","ping_status":"closed","template":"","meta":{"_regular_price":[],"currency_symbol":[],"footnotes":""},"class_list":["post-77","page","type-page","status-publish","has-post-thumbnail","hentry"],"post_slider_layout_featured_media_urls":{"thumbnail":["https:\/\/rizoma.focofixo.com.br\/rizoma\/wp-content\/uploads\/2025\/07\/Google_AI_Studio_2025-07-20T02_02_05.264Z-150x150.png",150,150,true],"post_slider_layout_landscape_large":["https:\/\/rizoma.focofixo.com.br\/rizoma\/wp-content\/uploads\/2025\/07\/Google_AI_Studio_2025-07-20T02_02_05.264Z-1200x768.png",1200,768,true],"post_slider_layout_portrait_large":["https:\/\/rizoma.focofixo.com.br\/rizoma\/wp-content\/uploads\/2025\/07\/Google_AI_Studio_2025-07-20T02_02_05.264Z-1200x768.png",1200,768,true],"post_slider_layout_square_large":["https:\/\/rizoma.focofixo.com.br\/rizoma\/wp-content\/uploads\/2025\/07\/Google_AI_Studio_2025-07-20T02_02_05.264Z-1200x768.png",1200,768,true],"post_slider_layout_landscape":["https:\/\/rizoma.focofixo.com.br\/rizoma\/wp-content\/uploads\/2025\/07\/Google_AI_Studio_2025-07-20T02_02_05.264Z-600x400.png",600,400,true],"post_slider_layout_portrait":["https:\/\/rizoma.focofixo.com.br\/rizoma\/wp-content\/uploads\/2025\/07\/Google_AI_Studio_2025-07-20T02_02_05.264Z-600x768.png",600,768,true],"post_slider_layout_square":["https:\/\/rizoma.focofixo.com.br\/rizoma\/wp-content\/uploads\/2025\/07\/Google_AI_Studio_2025-07-20T02_02_05.264Z-600x600.png",600,600,true],"full":["https:\/\/rizoma.focofixo.com.br\/rizoma\/wp-content\/uploads\/2025\/07\/Google_AI_Studio_2025-07-20T02_02_05.264Z.png",1408,768,false]},"_links":{"self":[{"href":"https:\/\/rizoma.focofixo.com.br\/rizoma\/wp-json\/wp\/v2\/pages\/77","targetHints":{"allow":["GET"]}}],"collection":[{"href":"https:\/\/rizoma.focofixo.com.br\/rizoma\/wp-json\/wp\/v2\/pages"}],"about":[{"href":"https:\/\/rizoma.focofixo.com.br\/rizoma\/wp-json\/wp\/v2\/types\/page"}],"author":[{"embeddable":true,"href":"https:\/\/rizoma.focofixo.com.br\/rizoma\/wp-json\/wp\/v2\/users\/2"}],"replies":[{"embeddable":true,"href":"https:\/\/rizoma.focofixo.com.br\/rizoma\/wp-json\/wp\/v2\/comments?post=77"}],"version-history":[{"count":3,"href":"https:\/\/rizoma.focofixo.com.br\/rizoma\/wp-json\/wp\/v2\/pages\/77\/revisions"}],"predecessor-version":[{"id":376,"href":"https:\/\/rizoma.focofixo.com.br\/rizoma\/wp-json\/wp\/v2\/pages\/77\/revisions\/376"}],"wp:featuredmedia":[{"embeddable":true,"href":"https:\/\/rizoma.focofixo.com.br\/rizoma\/wp-json\/wp\/v2\/media\/377"}],"wp:attachment":[{"href":"https:\/\/rizoma.focofixo.com.br\/rizoma\/wp-json\/wp\/v2\/media?parent=77"}],"curies":[{"name":"wp","href":"https:\/\/api.w.org\/{rel}","templated":true}]}}